{"id":15,"date":"2024-10-27T09:11:00","date_gmt":"2024-10-27T08:11:00","guid":{"rendered":"http:\/\/localhost\/scd_wordpress\/?page_id=15"},"modified":"2025-08-14T14:07:03","modified_gmt":"2025-08-14T12:07:03","slug":"gymnastik","status":"publish","type":"page","link":"https:\/\/www.sc-daisbach.de\/?page_id=15","title":{"rendered":"Gymnastik"},"content":{"rendered":"\n<p class=\"has-medium-font-size\"><strong>Willkommen im Bereich unserer Gymnastik-Abteilung!<\/strong><\/p>\n\n\n\n<p class=\"has-medium-font-size\">Hier findet ihr alles zu unseren Gymnastik-, Yoga- und KAHA\u00ae-Kursen.<br>Wenn ihr mehr \u00fcber einen Kurs erfahren wollt, steht euch Abteilungsleiterin Karolin Seifarth gerne zur Verf\u00fcgung.<\/p>\n\n\n\n<p class=\"has-medium-font-size\">Es sollte f\u00fcr jeden etwas dabei sein! Wir freuen uns, wenn wir dich demn\u00e4chst begr\u00fc\u00dfen d\u00fcrfen!<\/p>\n\n\n\n<p class=\"has-medium-font-size\"><strong>Unsere Angebote<\/strong><\/p>\n\n\n\n<p class=\"has-medium-font-size\"><strong>Fitnessgymnastik<\/strong><br>Donnerstags, 19:00 \u2013 20:00 Uhr, \u00dcbungsleiterin Monika Sauk<\/p>\n\n\n\n<p class=\"has-medium-font-size\"><strong>Seniorengymnastik<\/strong><br>Montags, 10:00-11:00 Uhr, \u00dcbungsleiterin Monika Sauk<\/p>\n\n\n\n<p class=\"has-medium-font-size\"><strong>KAHA\u00ae<\/strong><br>aktuell kein Kurs<\/p>\n\n\n\n<p class=\"has-medium-font-size\"><strong>R\u00fcckengymnastik<\/strong><br>ab 04.02.2025, im 10er-BlockDienstags,18:00 &#8211; 19:00 Uhr &amp; 19:15 \u2013 20:15 Uhr, \u00dcbungsleiterin Monika Sauk<\/p>\n\n\n\n<p class=\"has-medium-font-size\"><strong>Yoga<\/strong><br>ab 12.03.2025, \u00dcbungsleiterin Gabi Hall<br>10 Einheiten \u00e0 90 Minuten<br>16:30 bis 18:00 Uhr<br>18:30 bis 20:00 Uhr<br>Mit Voranmeldung unter 06120-1649<\/p>\n\n\n\n<p class=\"has-medium-font-size\">Alle Kurse finden im Haus der Vereine in Daisbach statt.<\/p>\n\n\n\n<p class=\"has-medium-font-size\"><strong>Eure Ansprechpartnerin f\u00fcr unsere Gymnastik-Abteilung:<\/strong><\/p>\n\n\n\n<p class=\"has-medium-font-size\"><strong>Abteilungsleiterin:<br><\/strong>Karolin Seifarth<br>(06120) 6473 oder 0160 8570705<\/p>\n\n\n\n<figure class=\"wp-block-image size-full\"><img loading=\"lazy\" decoding=\"async\" width=\"593\" height=\"839\" src=\"https:\/\/www.sc-daisbach.de\/wp-content\/uploads\/2025\/03\/Gymnastik-Angebot.png\" alt=\"\" class=\"wp-image-1077\" srcset=\"https:\/\/www.sc-daisbach.de\/wp-content\/uploads\/2025\/03\/Gymnastik-Angebot.png 593w, https:\/\/www.sc-daisbach.de\/wp-content\/uploads\/2025\/03\/Gymnastik-Angebot-212x300.png 212w\" sizes=\"auto, (max-width: 593px) 100vw, 593px\" \/><\/figure>\n\n\n\n<figure class=\"wp-block-image size-full\"><img loading=\"lazy\" decoding=\"async\" width=\"599\" height=\"581\" src=\"https:\/\/www.sc-daisbach.de\/wp-content\/uploads\/2025\/08\/Bild_2025-08-14_140801557.png\" alt=\"\" class=\"wp-image-1161\" srcset=\"https:\/\/www.sc-daisbach.de\/wp-content\/uploads\/2025\/08\/Bild_2025-08-14_140801557.png 599w, https:\/\/www.sc-daisbach.de\/wp-content\/uploads\/2025\/08\/Bild_2025-08-14_140801557-300x291.png 300w\" sizes=\"auto, (max-width: 599px) 100vw, 599px\" \/><\/figure>\n","protected":false},"excerpt":{"rendered":"<p>Willkommen im Bereich unserer Gymnastik-Abteilung! Hier findet ihr alles zu unseren Gymnastik-, Yoga- und KAHA\u00ae-Kursen.Wenn ihr mehr \u00fcber einen Kurs erfahren wollt, steht euch Abteilungsleiterin Karolin Seifarth gerne zur Verf\u00fcgung. Es sollte f\u00fcr jeden etwas dabei sein! Wir freuen uns,<\/p>\n","protected":false},"author":1,"featured_media":0,"parent":0,"menu_order":0,"comment_status":"closed","ping_status":"closed","template":"","meta":{"footnotes":""},"class_list":["post-15","page","type-page","status-publish","hentry"],"_links":{"self":[{"href":"https:\/\/www.sc-daisbach.de\/index.php?rest_route=\/wp\/v2\/pages\/15","targetHints":{"allow":["GET"]}}],"collection":[{"href":"https:\/\/www.sc-daisbach.de\/index.php?rest_route=\/wp\/v2\/pages"}],"about":[{"href":"https:\/\/www.sc-daisbach.de\/index.php?rest_route=\/wp\/v2\/types\/page"}],"author":[{"embeddable":true,"href":"https:\/\/www.sc-daisbach.de\/index.php?rest_route=\/wp\/v2\/users\/1"}],"replies":[{"embeddable":true,"href":"https:\/\/www.sc-daisbach.de\/index.php?rest_route=%2Fwp%2Fv2%2Fcomments&post=15"}],"version-history":[{"count":6,"href":"https:\/\/www.sc-daisbach.de\/index.php?rest_route=\/wp\/v2\/pages\/15\/revisions"}],"predecessor-version":[{"id":1162,"href":"https:\/\/www.sc-daisbach.de\/index.php?rest_route=\/wp\/v2\/pages\/15\/revisions\/1162"}],"wp:attachment":[{"href":"https:\/\/www.sc-daisbach.de\/index.php?rest_route=%2Fwp%2Fv2%2Fmedia&parent=15"}],"curies":[{"name":"wp","href":"https:\/\/api.w.org\/{rel}","templated":true}]}}