{"id":17,"date":"2024-10-27T09:11:09","date_gmt":"2024-10-27T08:11:09","guid":{"rendered":"http:\/\/localhost\/scd_wordpress\/?page_id=17"},"modified":"2024-10-27T16:05:05","modified_gmt":"2024-10-27T15:05:05","slug":"presse","status":"publish","type":"page","link":"https:\/\/www.sc-daisbach.de\/?page_id=17","title":{"rendered":"Presse"},"content":{"rendered":"\n<p class=\"has-medium-font-size\">Hier findet ihr eine \u00dcbersicht \u00fcber die in der Presse erschienen Berichte \u00fcber unseren SCD:<\/p>\n\n\n\n<div class=\"wp-block-buttons has-custom-font-size has-medium-font-size is-vertical is-content-justification-center is-layout-flex wp-container-core-buttons-is-layout-9a7cdcfd wp-block-buttons-is-layout-flex\">\n<div class=\"wp-block-button has-custom-width wp-block-button__width-50 has-custom-font-size is-style-outline has-medium-font-size is-style-outline--1\"><a class=\"wp-block-button__link has-white-color has-text-color has-background has-link-color wp-element-button\" href=\"https:\/\/www.sc-daisbach.de\/wp-content\/uploads\/2024\/10\/2023-10-16_IVV-Pressebericht.pdf\" style=\"background-color:#c11b01\" target=\"_blank\" rel=\"noreferrer noopener\">Das Wandern ist des&#8230;<\/a><\/div>\n\n\n\n<div class=\"wp-block-button has-custom-width wp-block-button__width-50 has-custom-font-size has-medium-font-size\"><a class=\"wp-block-button__link has-white-color has-text-color has-background has-link-color wp-element-button\" href=\"https:\/\/www.sc-daisbach.de\/wp-content\/uploads\/2024\/10\/Koenige_in_der_Kampfgrube.pdf\" style=\"background-color:#c11b01\" target=\"_blank\" rel=\"noreferrer noopener\">K\u00f6nige in der Kampfgrube<\/a><\/div>\n\n\n\n<div class=\"wp-block-button has-custom-width wp-block-button__width-50 has-custom-font-size has-medium-font-size\"><a class=\"wp-block-button__link has-white-color has-text-color has-background has-link-color wp-element-button\" href=\"https:\/\/www.sc-daisbach.de\/wp-content\/uploads\/2024\/10\/Sportplatz-erstrahlt-in-gruenem-Gewand.pdf\" style=\"background-color:#c11b01\" target=\"_blank\" rel=\"noreferrer noopener\">Sportplatz erstrahlt in gr\u00fcnem Gewand<\/a><\/div>\n\n\n\n<div class=\"wp-block-button has-custom-width wp-block-button__width-50 has-custom-font-size has-medium-font-size\"><a class=\"wp-block-button__link has-white-color has-text-color has-background has-link-color wp-element-button\" href=\"https:\/\/www.sc-daisbach.de\/wp-content\/uploads\/2024\/10\/2021-06-25_Wiesbadener-Kurier-Untertaunus-Kurier_Seite_12.pdf\" style=\"background-color:#c11b01\" target=\"_blank\" rel=\"noreferrer noopener\">Endlich Kunstrasen<\/a><\/div>\n\n\n\n<div class=\"wp-block-button has-custom-width wp-block-button__width-50 has-custom-font-size has-medium-font-size\"><a class=\"wp-block-button__link has-white-color has-text-color has-background has-link-color wp-element-button\" href=\"https:\/\/sc-daisbach.de\/wp-content\/uploads\/2021\/07\/Foerderung-Kunstrasenplatz-SC-Daisbach.pdf\" style=\"background-color:#c11b01\" target=\"_blank\" rel=\"noreferrer noopener\">Pressemitteilung Hessisches Ministerium des Inneren und f\u00fcr Sport<\/a><\/div>\n\n\n\n<div class=\"wp-block-button has-custom-width wp-block-button__width-50 has-custom-font-size has-medium-font-size\"><a class=\"wp-block-button__link has-white-color has-text-color has-background has-link-color wp-element-button\" href=\"https:\/\/www.sc-daisbach.de\/?p=193\" style=\"background-color:#c11b01\" target=\"_blank\" rel=\"noreferrer noopener\">Heimat wird wieder erlebbar<\/a><\/div>\n\n\n\n<div class=\"wp-block-button has-custom-width wp-block-button__width-50 has-custom-font-size has-medium-font-size\"><a class=\"wp-block-button__link has-white-color has-text-color has-background has-link-color wp-element-button\" href=\"https:\/\/www.wiesbadener-kurier.de\/lokales\/kreis-rheingau-taunus\/aarbergen-kreis-rheingau-taunus\/sc-daisbach-hofft-auf-happy-end-1952367\" style=\"background-color:#c11b01\" target=\"_blank\" rel=\"noreferrer noopener\">SC Daisbach hofft auf Happy End<\/a><\/div>\n\n\n\n<div class=\"wp-block-button has-custom-width wp-block-button__width-50 has-custom-font-size has-medium-font-size\"><a class=\"wp-block-button__link has-white-color has-text-color has-background has-link-color wp-element-button\" href=\"https:\/\/www.wiesbadener-kurier.de\/lokales\/kreis-rheingau-taunus\/aarbergen-kreis-rheingau-taunus\/kaha-und-gymnastikkurs-in-daisbach-1615036\" style=\"background-color:#c11b01\" target=\"_blank\" rel=\"noreferrer noopener\">Kaha- und Gymnastikkurs in Daisbach<\/a><\/div>\n\n\n\n<div class=\"wp-block-button has-custom-width wp-block-button__width-50 has-custom-font-size has-medium-font-size\"><a class=\"wp-block-button__link has-white-color has-text-color has-background has-link-color wp-element-button\" href=\"https:\/\/www.wiesbadener-kurier.de\/sport\/fussball\/fussball-wiesbaden\/andreas-maier-neuer-trainer-in-daisbach-1538315\" style=\"background-color:#c11b01\" target=\"_blank\" rel=\"noreferrer noopener\">Andreas Maier neuer Trainer in Daisbach<\/a><\/div>\n\n\n\n<div class=\"wp-block-button has-custom-width wp-block-button__width-50 has-custom-font-size has-medium-font-size\"><a class=\"wp-block-button__link has-white-color has-text-color has-background has-link-color wp-element-button\" href=\"https:\/\/www.wiesbadener-kurier.de\/lokales\/kreis-rheingau-taunus\/aarbergen-kreis-rheingau-taunus\/sc-daisbach-mit-neuem-anlauf-fuer-kunstrasen-1486044\" style=\"background-color:#c11b01\" target=\"_blank\" rel=\"noreferrer noopener\">Neuer Anlauf f\u00fcr Kunstrasen<\/a><\/div>\n\n\n\n<div class=\"wp-block-button has-custom-width wp-block-button__width-50 has-custom-font-size has-medium-font-size\"><a class=\"wp-block-button__link has-white-color has-text-color has-background has-link-color wp-element-button\" href=\"https:\/\/www.fupa.net\/news\/archive-der-treue-leistungstrager-2528373\" style=\"background-color:#c11b01\" target=\"_blank\" rel=\"noreferrer noopener\">Der treue Leistungstr\u00e4ger<\/a><\/div>\n\n\n\n<div class=\"wp-block-button has-custom-width wp-block-button__width-50 has-custom-font-size has-medium-font-size\"><a class=\"wp-block-button__link has-white-color has-text-color has-background has-link-color wp-element-button\" href=\"https:\/\/www.sc-daisbach.de\/?p=184\" style=\"background-color:#c11b01\">43. Volkswandern findet in Daisbach statt<\/a><\/div>\n\n\n\n<div class=\"wp-block-button has-custom-width wp-block-button__width-50 has-custom-font-size has-medium-font-size\"><a class=\"wp-block-button__link has-white-color has-text-color has-background has-link-color wp-element-button\" href=\"https:\/\/www.sc-daisbach.de\/?p=181\" style=\"background-color:#c11b01\">Unter Trainer Dominik Schneider nach Fehlstart zum C-Liga-Titel ged\u00fcst<\/a><\/div>\n\n\n\n<div class=\"wp-block-button has-custom-width wp-block-button__width-50 has-custom-font-size has-medium-font-size\"><a class=\"wp-block-button__link has-white-color has-text-color has-background has-link-color wp-element-button\" href=\"https:\/\/www.sc-daisbach.de\/?p=178\" style=\"background-color:#c11b01\">Daisbach spielt um die vorderen Pl\u00e4tze<\/a><\/div>\n\n\n\n<div class=\"wp-block-button has-custom-width wp-block-button__width-50 has-custom-font-size has-medium-font-size\"><a class=\"wp-block-button__link has-white-color has-text-color has-background has-link-color wp-element-button\" href=\"https:\/\/www.sc-daisbach.de\/?p=175\" style=\"background-color:#c11b01\">C-Liga-Newcomer trifft unter Trainer Dominik Schneider auf Geisenheim II<\/a><\/div>\n\n\n\n<div class=\"wp-block-button has-custom-width wp-block-button__width-50 has-custom-font-size has-medium-font-size\"><a class=\"wp-block-button__link has-white-color has-text-color has-background has-link-color wp-element-button\" href=\"https:\/\/www.sc-daisbach.de\/?p=172\" style=\"background-color:#c11b01\">Aufbruchstimmung beim SC Daisbach<\/a><\/div>\n\n\n\n<div class=\"wp-block-button has-custom-width wp-block-button__width-50 has-custom-font-size has-medium-font-size\"><a class=\"wp-block-button__link has-white-color has-text-color has-background has-link-color wp-element-button\" href=\"https:\/\/www.sc-daisbach.de\/?p=169\" style=\"background-color:#c11b01\">SC Daisbach feiert Jubil\u00e4um beim Volkswandern<\/a><\/div>\n\n\n\n<div class=\"wp-block-button has-custom-width wp-block-button__width-50 has-custom-font-size has-medium-font-size\"><a class=\"wp-block-button__link has-white-color has-text-color has-background has-link-color wp-element-button\" href=\"https:\/\/www.sc-daisbach.de\/?p=166\" style=\"background-color:#c11b01\">SC Daisbach l\u00f6st sich von der JSG Aarbergen<\/a><\/div>\n\n\n\n<div class=\"wp-block-button has-custom-width wp-block-button__width-50 has-custom-font-size has-medium-font-size\"><a class=\"wp-block-button__link has-white-color has-text-color has-background has-link-color wp-element-button\" href=\"https:\/\/www.sc-daisbach.de\/?p=162\" style=\"background-color:#c11b01\">Der JSG drohen Abspaltungen<\/a><\/div>\n\n\n\n<div class=\"wp-block-button has-custom-width wp-block-button__width-50 has-custom-font-size has-medium-font-size\"><a class=\"wp-block-button__link has-white-color has-text-color has-background has-link-color wp-element-button\" href=\"https:\/\/www.sc-daisbach.de\/?p=159\" style=\"background-color:#c11b01\">Aarbergen gibt kein Geld f\u00fcr Kunstrasen in Daisbach<\/a><\/div>\n\n\n\n<div class=\"wp-block-button has-custom-width wp-block-button__width-50 has-custom-font-size has-medium-font-size\"><a class=\"wp-block-button__link has-white-color has-text-color has-background has-link-color wp-element-button\" href=\"https:\/\/www.sc-daisbach.de\/?p=155\" style=\"background-color:#c11b01\">Aarbergen: Bau eines zweiten Kunstrasenplatzes strittig<\/a><\/div>\n<\/div>\n\n\n\n<div class=\"wp-block-buttons is-layout-flex wp-block-buttons-is-layout-flex\"><\/div>\n\n\n\n<p><\/p>\n","protected":false},"excerpt":{"rendered":"<p>Hier findet ihr eine \u00dcbersicht \u00fcber die in der Presse erschienen Berichte \u00fcber unseren SCD:<\/p>\n","protected":false},"author":1,"featured_media":0,"parent":0,"menu_order":0,"comment_status":"closed","ping_status":"closed","template":"","meta":{"footnotes":""},"class_list":["post-17","page","type-page","status-publish","hentry"],"_links":{"self":[{"href":"https:\/\/www.sc-daisbach.de\/index.php?rest_route=\/wp\/v2\/pages\/17","targetHints":{"allow":["GET"]}}],"collection":[{"href":"https:\/\/www.sc-daisbach.de\/index.php?rest_route=\/wp\/v2\/pages"}],"about":[{"href":"https:\/\/www.sc-daisbach.de\/index.php?rest_route=\/wp\/v2\/types\/page"}],"author":[{"embeddable":true,"href":"https:\/\/www.sc-daisbach.de\/index.php?rest_route=\/wp\/v2\/users\/1"}],"replies":[{"embeddable":true,"href":"https:\/\/www.sc-daisbach.de\/index.php?rest_route=%2Fwp%2Fv2%2Fcomments&post=17"}],"version-history":[{"count":30,"href":"https:\/\/www.sc-daisbach.de\/index.php?rest_route=\/wp\/v2\/pages\/17\/revisions"}],"predecessor-version":[{"id":207,"href":"https:\/\/www.sc-daisbach.de\/index.php?rest_route=\/wp\/v2\/pages\/17\/revisions\/207"}],"wp:attachment":[{"href":"https:\/\/www.sc-daisbach.de\/index.php?rest_route=%2Fwp%2Fv2%2Fmedia&parent=17"}],"curies":[{"name":"wp","href":"https:\/\/api.w.org\/{rel}","templated":true}]}}